{"id":87,"date":"2024-10-10T20:57:38","date_gmt":"2024-10-10T20:57:38","guid":{"rendered":"https:\/\/www.andrisnaer.com\/?page_id=87"},"modified":"2024-10-10T20:57:41","modified_gmt":"2024-10-10T20:57:41","slug":"portfolio-2","status":"publish","type":"page","link":"https:\/\/www.andrisnaer.com\/?page_id=87","title":{"rendered":"Portfolio"},"content":{"rendered":"\t\t<div data-elementor-type=\"wp-page\" data-elementor-id=\"87\" class=\"elementor elementor-87\">\n\t\t\t\t<div class=\"elementor-element elementor-element-1e3a5ed e-flex e-con-boxed e-con e-parent\" data-id=\"1e3a5ed\" data-element_type=\"container\">\n\t\t\t\t\t<div class=\"e-con-inner\">\n\t\t\t\t<div class=\"elementor-element elementor-element-abab8c5 elementor-widget elementor-widget-elpug\" data-id=\"abab8c5\" data-element_type=\"widget\" data-widget_type=\"elpug.default\">\n\t\t\t\t<div class=\"elementor-widget-container\">\n\t\t\t\t\t<input id=\"powerfolio_pagination_postsperpage\" type=\"hidden\" value=\"\" \/><div class=\"elpt-portfolio elpt_powerfolio_7658\"><div class=\"elpt-portfolio-filter\"><button class=\"portfolio-filter-item item-active\" data-filter=\"*\" style=\"background-color:\">S\u00fdna allt<\/button><button class=\"portfolio-filter-item\" style=\"background-color:\" data-filter=\".elemenfoliocategory-skalaviku\">Sk\u00e1l \u00e1 viku<\/button><button class=\"portfolio-filter-item\" style=\"background-color:\" data-filter=\".elemenfoliocategory-smidastofaandra\">Sm\u00ed\u00f0astofa Andra<\/button><button class=\"portfolio-filter-item\" style=\"background-color:\" data-filter=\".elemenfoliocategory-viduraviku\">Vi\u00f0ur \u00e1 viku<\/button><\/div><div class=\"elpt-portfolio-content elpt-portfolio-content-isotope elpt-portfolio-style-box  hover17 elpt-portfolio-columns-3  elpt-portfolio-margin\"><div class=\"portfolio-item-wrapper 302 post-87 page type-page status-publish hentry entry\"><a href=\"https:\/\/www.andrisnaer.com\/?elemenfolio=umfjollun\" class=\"portfolio-item \" style=\"background-image: url(https:\/\/www.andrisnaer.com\/wp-content\/uploads\/2026\/04\/IMG_9679.jpg)\" title=\"Umfj\u00f6llun\"><img decoding=\"async\" src=\"https:\/\/www.andrisnaer.com\/wp-content\/uploads\/2026\/04\/IMG_9679.jpg\" class=\"elpt-main-image\" title=\"Umfj\u00f6llun\" alt=\"Umfj\u00f6llun\" \/><div class=\"portfolio-item-infos-wrapper\" style=\"background-color:\"><div class=\"portfolio-item-infos\"><div class=\"portfolio-item-title\"><span class=\"portfolio-item-title-span\">Umfj\u00f6llun<\/span><\/div><div class=\"portfolio-item-category\"><\/div><\/div><\/div><\/a><\/div><div class=\"portfolio-item-wrapper 78 post-87 page type-page status-publish hentry entry\"><a href=\"https:\/\/www.andrisnaer.com\/?elemenfolio=rennt\" class=\"portfolio-item \" style=\"background-image: url(https:\/\/www.andrisnaer.com\/wp-content\/uploads\/2024\/04\/andrimasur01.jpg)\" title=\"\u00ddmislegt\"><img decoding=\"async\" src=\"https:\/\/www.andrisnaer.com\/wp-content\/uploads\/2024\/04\/andrimasur01.jpg\" class=\"elpt-main-image\" title=\"\u00ddmislegt\" alt=\"\u00ddmislegt\" \/><div class=\"portfolio-item-infos-wrapper\" style=\"background-color:\"><div class=\"portfolio-item-infos\"><div class=\"portfolio-item-title\"><span class=\"portfolio-item-title-span\">\u00ddmislegt<\/span><\/div><div class=\"portfolio-item-category\"><\/div><\/div><\/div><\/a><\/div><div class=\"portfolio-item-wrapper 75 post-87 page type-page status-publish hentry entry elemenfoliocategory-skalaviku\"><a href=\"https:\/\/www.andrisnaer.com\/?elemenfolio=skal-a-viku-verkefnin\" class=\"portfolio-item \" style=\"background-image: url(https:\/\/www.andrisnaer.com\/wp-content\/uploads\/2024\/04\/vika30_01.jpg)\" title=\"Sk\u00e1l \u00e1 viku &#8211; verkefnin\"><img decoding=\"async\" src=\"https:\/\/www.andrisnaer.com\/wp-content\/uploads\/2024\/04\/vika30_01.jpg\" class=\"elpt-main-image\" title=\"Sk\u00e1l \u00e1 viku &#8211; verkefnin\" alt=\"Sk\u00e1l \u00e1 viku &#8211; verkefnin\" \/><div class=\"portfolio-item-infos-wrapper\" style=\"background-color:\"><div class=\"portfolio-item-infos\"><div class=\"portfolio-item-title\"><span class=\"portfolio-item-title-span\">Sk\u00e1l \u00e1 viku &#8211; verkefnin<\/span><\/div><div class=\"portfolio-item-category\"><span class=\"elpt-portfolio-cat\">Sk\u00e1l \u00e1 viku<\/span><\/div><\/div><\/div><\/a><\/div><div class=\"portfolio-item-wrapper 73 post-87 page type-page status-publish hentry entry elemenfoliocategory-viduraviku\"><a href=\"https:\/\/www.andrisnaer.com\/?elemenfolio=vidur-a-viku-textar\" class=\"portfolio-item \" style=\"background-image: url(https:\/\/www.andrisnaer.com\/wp-content\/uploads\/2024\/04\/IMG_5785.jpg)\" title=\"Vi\u00f0ur \u00e1 viku &#8211; textar\"><img decoding=\"async\" src=\"https:\/\/www.andrisnaer.com\/wp-content\/uploads\/2024\/04\/IMG_5785.jpg\" class=\"elpt-main-image\" title=\"Vi\u00f0ur \u00e1 viku &#8211; textar\" alt=\"Vi\u00f0ur \u00e1 viku &#8211; textar\" \/><div class=\"portfolio-item-infos-wrapper\" style=\"background-color:\"><div class=\"portfolio-item-infos\"><div class=\"portfolio-item-title\"><span class=\"portfolio-item-title-span\">Vi\u00f0ur \u00e1 viku &#8211; textar<\/span><\/div><div class=\"portfolio-item-category\"><span class=\"elpt-portfolio-cat\">Vi\u00f0ur \u00e1 viku<\/span><\/div><\/div><\/div><\/a><\/div><div class=\"portfolio-item-wrapper 65 post-87 page type-page status-publish hentry entry elemenfoliocategory-viduraviku\"><a href=\"https:\/\/www.andrisnaer.com\/?elemenfolio=vidur-a-viku-syning\" class=\"portfolio-item \" style=\"background-image: url(https:\/\/www.andrisnaer.com\/wp-content\/uploads\/2024\/04\/IMG_5783.jpg)\" title=\"Vi\u00f0ur \u00e1 viku &#8211; s\u00fdning\"><img decoding=\"async\" src=\"https:\/\/www.andrisnaer.com\/wp-content\/uploads\/2024\/04\/IMG_5783.jpg\" class=\"elpt-main-image\" title=\"Vi\u00f0ur \u00e1 viku &#8211; s\u00fdning\" alt=\"Vi\u00f0ur \u00e1 viku &#8211; s\u00fdning\" \/><div class=\"portfolio-item-infos-wrapper\" style=\"background-color:\"><div class=\"portfolio-item-infos\"><div class=\"portfolio-item-title\"><span class=\"portfolio-item-title-span\">Vi\u00f0ur \u00e1 viku &#8211; s\u00fdning<\/span><\/div><div class=\"portfolio-item-category\"><span class=\"elpt-portfolio-cat\">Vi\u00f0ur \u00e1 viku<\/span><\/div><\/div><\/div><\/a><\/div><div class=\"portfolio-item-wrapper 41 post-87 page type-page status-publish hentry entry elemenfoliocategory-viduraviku\"><a href=\"https:\/\/www.andrisnaer.com\/?elemenfolio=vidur-a-viku-verkefnin\" class=\"portfolio-item \" style=\"background-image: url(https:\/\/www.andrisnaer.com\/wp-content\/uploads\/2024\/04\/vika1_logo.jpg)\" title=\"Vi\u00f0ur \u00e1 viku &#8211; verkefnin\"><img decoding=\"async\" src=\"https:\/\/www.andrisnaer.com\/wp-content\/uploads\/2024\/04\/vika1_logo.jpg\" class=\"elpt-main-image\" title=\"Vi\u00f0ur \u00e1 viku &#8211; verkefnin\" alt=\"Vi\u00f0ur \u00e1 viku &#8211; verkefnin\" \/><div class=\"portfolio-item-infos-wrapper\" style=\"background-color:\"><div class=\"portfolio-item-infos\"><div class=\"portfolio-item-title\"><span class=\"portfolio-item-title-span\">Vi\u00f0ur \u00e1 viku &#8211; verkefnin<\/span><\/div><div class=\"portfolio-item-category\"><span class=\"elpt-portfolio-cat\">Vi\u00f0ur \u00e1 viku<\/span><\/div><\/div><\/div><\/a><\/div><\/div><\/div>\t\t\t\t<\/div>\n\t\t\t\t<\/div>\n\t\t\t\t\t<\/div>\n\t\t\t\t<\/div>\n\t\t\t\t<\/div>\n\t\t","protected":false},"excerpt":{"rendered":"<p>S\u00fdna alltSk\u00e1l \u00e1 vikuSm\u00ed\u00f0astofa AndraVi\u00f0ur \u00e1 vikuRenntSk\u00e1l \u00e1 viku &#8211; verkefninSk\u00e1l \u00e1 vikuVi\u00f0ur \u00e1 viku &#8211; textarVi\u00f0ur \u00e1 vikuVi\u00f0ur \u00e1 viku &#8211; s\u00fdningVi\u00f0ur \u00e1 vikuVi\u00f0ur \u00e1 viku &#8211; verkefninVi\u00f0ur \u00e1 viku<\/p>\n","protected":false},"author":1,"featured_media":0,"parent":0,"menu_order":0,"comment_status":"closed","ping_status":"closed","template":"","meta":{"_exactmetrics_skip_tracking":false,"_exactmetrics_sitenote_active":false,"_exactmetrics_sitenote_note":"","_exactmetrics_sitenote_category":0,"footnotes":""},"class_list":["post-87","page","type-page","status-publish","hentry","entry"],"_links":{"self":[{"href":"https:\/\/www.andrisnaer.com\/index.php?rest_route=\/wp\/v2\/pages\/87","targetHints":{"allow":["GET"]}}],"collection":[{"href":"https:\/\/www.andrisnaer.com\/index.php?rest_route=\/wp\/v2\/pages"}],"about":[{"href":"https:\/\/www.andrisnaer.com\/index.php?rest_route=\/wp\/v2\/types\/page"}],"author":[{"embeddable":true,"href":"https:\/\/www.andrisnaer.com\/index.php?rest_route=\/wp\/v2\/users\/1"}],"replies":[{"embeddable":true,"href":"https:\/\/www.andrisnaer.com\/index.php?rest_route=%2Fwp%2Fv2%2Fcomments&post=87"}],"version-history":[{"count":5,"href":"https:\/\/www.andrisnaer.com\/index.php?rest_route=\/wp\/v2\/pages\/87\/revisions"}],"predecessor-version":[{"id":296,"href":"https:\/\/www.andrisnaer.com\/index.php?rest_route=\/wp\/v2\/pages\/87\/revisions\/296"}],"wp:attachment":[{"href":"https:\/\/www.andrisnaer.com\/index.php?rest_route=%2Fwp%2Fv2%2Fmedia&parent=87"}],"curies":[{"name":"wp","href":"https:\/\/api.w.org\/{rel}","templated":true}]}}